

{"id":2329,"date":"2021-02-03T15:26:43","date_gmt":"2021-02-03T15:26:43","guid":{"rendered":"https:\/\/avliberdade.com\/?page_id=2329"},"modified":"2021-02-03T16:04:18","modified_gmt":"2021-02-03T16:04:18","slug":"privacy-policy","status":"publish","type":"page","link":"https:\/\/avliberdade.com\/en\/privacy-policy\/","title":{"rendered":"Privacy Policy"},"content":{"rendered":"<div class=\"wpb-content-wrapper\"><p>[vc_row css_animation=&#8221;&#8221; row_type=&#8221;row&#8221; use_row_as_full_screen_section=&#8221;no&#8221; type=&#8221;full_width&#8221; angled_section=&#8221;no&#8221; text_align=&#8221;left&#8221; background_image_as_pattern=&#8221;without_pattern&#8221; z_index=&#8221;&#8221; css=&#8221;.vc_custom_1612342088687{margin-top: 70px !important;background-image: url(https:\/\/avliberdade.com\/wp-content\/uploads\/2020\/11\/barra-branca.png?id=178) !important;background-position: 0 0 !important;background-repeat: no-repeat !important;}&#8221; el_class=&#8221;barra_cor_fundo&#8221;][vc_column width=&#8221;1\/12&#8243;][\/vc_column][vc_column css_animation=&#8221;right-to-left&#8221; width=&#8221;3\/12&#8243;][vc_column_text css=&#8221;.vc_custom_1612368034053{border-top-width: 10px !important;border-right-width: 10px !important;border-bottom-width: 10px !important;border-left-width: 10px !important;padding-top: 30px !important;padding-right: 30px !important;padding-bottom: 30px !important;padding-left: 30px !important;border-left-style: solid !important;border-right-style: solid !important;border-top-style: solid !important;border-bottom-style: solid !important;}&#8221; el_class=&#8221;caixa_moldura2&#8243;]<\/p>\n<h1>Privacy Policy<\/h1>\n<p>[\/vc_column_text][\/vc_column][vc_column width=&#8221;8\/12&#8243;][\/vc_column][\/vc_row][vc_row css_animation=&#8221;&#8221; row_type=&#8221;row&#8221; use_row_as_full_screen_section=&#8221;no&#8221; type=&#8221;grid&#8221; angled_section=&#8221;no&#8221; text_align=&#8221;left&#8221; background_image_as_pattern=&#8221;without_pattern&#8221; z_index=&#8221;&#8221; el_class=&#8221;barra_cor_fundo&#8221; css=&#8221;.vc_custom_1612365243687{margin-bottom: 50px !important;padding-bottom: 50px !important;}&#8221;][vc_column][vc_column_text]O uso do <i>site<\/i> <a href=\"https:\/\/avliberdade.com\">www.avliberdade.com<\/a> pressup\u00f5e a aceita\u00e7\u00e3o deste acordo de privacidade, que se rege pelo Regulamento Geral de Prote\u00e7\u00e3o de Dados (RGPD). A equipa da Associa\u00e7\u00e3o Avenida Liberdade reserva-se no direito de alterar este acordo sem aviso pr\u00e9vio, fazendo refer\u00eancia \u00e0 data da \u00faltima atualiza\u00e7\u00e3o. Deste modo, recomendamos que consulte a nossa pol\u00edtica de privacidade com regularidade de forma a estar sempre atualizado.<\/p>\n<p>&nbsp;<\/p>\n<h3>Quando recolhemos informa\u00e7\u00e3o dos utilizadores?<\/h3>\n<p>A Associa\u00e7\u00e3o Avenida Liberdade recolhe informa\u00e7\u00e3o dos utilizadores quando estes navegam no <i>site<\/i> <a href=\"https:\/\/avliberdade.com\">www.avliberdade.com<\/a>, bem como aos restantes <i>sites<\/i> do dom\u00ednio avliberdade.com, ou quando estes partilham informa\u00e7\u00e3o pessoal (nome e <i>e-mail<\/i>) ao preencherem o formul\u00e1rio de subscri\u00e7\u00e3o das nossas <i>newsletters<\/i> ou o formul\u00e1rio de contacto.<\/p>\n<p>&nbsp;<\/p>\n<h3>Qual a informa\u00e7\u00e3o que recolhemos?<\/h3>\n<p>A Associa\u00e7\u00e3o Avenida Liberdade recolhe informa\u00e7\u00e3o an\u00f3nima e pessoal dos utilizadores. A informa\u00e7\u00e3o pessoal que recolhemos pode incluir o nome, o <i>e-mail<\/i>, o setor de atividade, o cargo e\/ou outros, que ser\u00e3o disponibilizados de forma consentida pelos utilizadores quando estes subscrevem as nossas <i>newsletters<\/i>. Todas as informa\u00e7\u00f5es pessoais de visitantes, assinantes e clientes que usam os nossos <i>sites<\/i> ser\u00e3o tratados apenas para a finalidade a que se destinam, sendo geridos com total garantia de confidencialidade.<\/p>\n<p>A Associa\u00e7\u00e3o Avenida Liberdade pode tamb\u00e9m recolher informa\u00e7\u00e3o n\u00e3o-pessoal sobre o equipamento usado pelo utilizador para aceder ao <i>site<\/i> <a href=\"https:\/\/avliberdade.com\">www.avliberdade.com<\/a> e aos restantes <i>sites<\/i> do dom\u00ednio avliberdade.com, como <i>IP address<\/i>, geolocaliza\u00e7\u00e3o, identificador \u00fanico de equipamento, tipo de <i>browser<\/i>, l\u00edngua do <i>browser<\/i> ou outra informa\u00e7\u00e3o desta natureza. Usamos esta informa\u00e7\u00e3o de uma forma agregada para analisar os acessos ao <i>site<\/i> <a href=\"https:\/\/avliberdade.com\">www.avliberdade.com<\/a> e aos restantes <i>sites<\/i> do dom\u00ednio avliberdade.com. Nunca divulgamos dados sobre a utiliza\u00e7\u00e3o do site por um endere\u00e7o IP individual.<\/p>\n<p>&nbsp;<\/p>\n<h3>Como recolhemos a informa\u00e7\u00e3o?<\/h3>\n<p>A Associa\u00e7\u00e3o Avenida Liberdade recolhe dados de \u00edndole pessoal atrav\u00e9s do formul\u00e1rio publicado no <i>site<\/i> \u2013 o formul\u00e1rio de subscri\u00e7\u00e3o das nossas <i>newsletters<\/i> e o formul\u00e1rio de contacto \u2013 e os dados n\u00e3o-pessoais atrav\u00e9s da plataforma <i>Google Analytics<\/i>.<\/p>\n<p>&nbsp;<\/p>\n<h3>Para que serve a informa\u00e7\u00e3o que recolhemos?<\/h3>\n<p>Todas as informa\u00e7\u00f5es pessoais recolhidas sobre os utilizadores s\u00e3o usadas exclusivamente para a finalidade a que se prop\u00f5em cada um dos formul\u00e1rios, ou seja, efeitos de contacto por um dos representantes da Associa\u00e7\u00e3o Avenida Liberdade ou de atividade de comunica\u00e7\u00e3o\/marketing, atrav\u00e9s das nossas <i>newsletters<\/i>. J\u00e1 a recolha de dados n\u00e3o-pessoais destina-se apenas \u00e0 avalia\u00e7\u00e3o do desempenho dos <i>sites<\/i> e ajudar a tornar a sua visita mais produtiva e agrad\u00e1vel.<\/p>\n<p>Para todas as outras situa\u00e7\u00f5es pontuais, que possam surgir relacionadas com a recolha de dados, a Associa\u00e7\u00e3o Avenida Liberdade solicitar\u00e1 o respetivo <b>consentimento<\/b> referindo os fins para os quais se destinam, bem como todos os direito de acesso \u00e0 informa\u00e7\u00e3o por parte do utilizador.<\/p>\n<p>Nos termos da legisla\u00e7\u00e3o de prote\u00e7\u00e3o de dados vigente na Uni\u00e3o Europeia (RGPD) a utiliza\u00e7\u00e3o de informa\u00e7\u00e3o pessoal deve ser justificada, pelo menos, por um fundamento jur\u00eddico para o seu tratamento:<\/p>\n<ul>\n<li>Quando tenha dado consentimento ao tratamento de dados (pode retirar o consentimento dado a qualquer momento);<\/li>\n<li>Quando o tratamento da informa\u00e7\u00e3o pessoal seja necess\u00e1rio para a celebra\u00e7\u00e3o de um contrato ou proceder \u00e0 sua execu\u00e7\u00e3o;<\/li>\n<li>Quando o tratamento \u00e9 necess\u00e1rio para cumprir as obriga\u00e7\u00f5es legais a que a Associa\u00e7\u00e3o Avenida Liberdade se encontra sujeito.<\/li>\n<\/ul>\n<p>&nbsp;<\/p>\n<h3>Durante quanto tempo conservamos a informa\u00e7\u00e3o?<\/h3>\n<p>A informa\u00e7\u00e3o pessoal \u00e9 conservada durante o per\u00edodo que for necess\u00e1rio para o cumprimento da finalidade para a qual esta foi recolhida. Atingido o per\u00edodo m\u00e1ximo de reten\u00e7\u00e3o legal da informa\u00e7\u00e3o, esta ser\u00e1 destru\u00edda de forma segura.<\/p>\n<p>&nbsp;<\/p>\n<h3>Como mantemos a informa\u00e7\u00e3o segura?<\/h3>\n<p>A Associa\u00e7\u00e3o Avenida Liberdade assegura as medidas de seguran\u00e7a necess\u00e1rias para ajudar a proteger e manter a seguran\u00e7a e integridade da informa\u00e7\u00e3o pessoal dos utilizadores. Apesar da transmiss\u00e3o dos dados atrav\u00e9s dos <i>sites<\/i> n\u00e3o poderem garantir a total seguran\u00e7a contra intrusos, garantimos efetuar todos os esfor\u00e7os para que a informa\u00e7\u00e3o pessoal esteja em seguran\u00e7a em conformidade com os requisitos de prote\u00e7\u00e3o de dados aplic\u00e1veis. Entre outras, s\u00e3o aplicadas as seguintes medidas de seguran\u00e7a:<\/p>\n<ul>\n<li>Prote\u00e7\u00e3o do sistema de tecnologia e informa\u00e7\u00e3o atrav\u00e9s de <i>firewalls<\/i> atualizadas, para impedir o acesso n\u00e3o autorizados;<\/li>\n<li>Acompanhamento cont\u00ednuo de quem acede ao sistema de tecnologia e informa\u00e7\u00e3o para prevenir, detetar e impedir o uso abusivo e indevido da informa\u00e7\u00e3o pessoal.<\/li>\n<\/ul>\n<p>&nbsp;<\/p>\n<h3>Como pode alterar ou retirar o seu consentimento?<\/h3>\n<p>Os utilizadores podem, a qualquer momento, proceder \u00e0 altera\u00e7\u00e3o ou retirada do seu consentimento para tratamento de informa\u00e7\u00e3o pessoal, com efeitos para o futuro. Referir, por\u00e9m, que ap\u00f3s retirada total das suas declara\u00e7\u00f5es de consentimento deixar\u00e1 de ser contactado e de receber quaisquer comunica\u00e7\u00f5es para as finalidades descritas anteriormente.<\/p>\n<p>Para proceder \u00e0 retirada do consentimento dado \u00e0 Associa\u00e7\u00e3o Avenida Liberdade basta contactar-nos por e-mail (<a href=\"mailto:info@avliberdade.com\">info@avliberdade.com<\/a>) ou atrav\u00e9s do n\u00famero de telefone: 217 786 468. No caso da subscri\u00e7\u00e3o online das <i>newsletters<\/i>, caso o utilizador n\u00e3o queira receber mais as newsletters, basta seguir as instru\u00e7\u00f5es para \u201cdeixar de subscrever\u201d e que se encontram no final de cada <i>e-mail<\/i>.<\/p>\n<p><u>Nota<\/u>: A nossa pol\u00edtica de envio de <i>e-mails<\/i> n\u00e3o nos permite partilhar, vender, trocar ou autorizar que outras entidades possam usar o endere\u00e7o de <i>e-mail<\/i> dos utilizadores para fins comerciais sem que o utilizador d\u00ea permiss\u00e3o.<\/p>\n<p>&nbsp;<\/p>\n<h3>Como pode aceder \u00e0 sua informa\u00e7\u00e3o pessoal?<\/h3>\n<p>Caso tenha alguma quest\u00e3o relacionada com a nossa utiliza\u00e7\u00e3o da sua informa\u00e7\u00e3o pessoal, dever\u00e1 entrar em contacto connosco atrav\u00e9s do e-mail: <a href=\"mailto:info@avliberdade.com\">info@avliberdade.com<\/a><\/p>\n<p>O utilizador ter\u00e1 o direito de nos solicitar que:<\/p>\n<ul>\n<li>lhe facultemos uma c\u00f3pia de todas as informa\u00e7\u00f5es pessoais que nos forneceu;<\/li>\n<li>atualizemos as suas informa\u00e7\u00f5es pessoais que conservamos na nossa base de dados;<\/li>\n<li>que apaguemos a informa\u00e7\u00e3o pessoal cuja utiliza\u00e7\u00e3o deixou de ser leg\u00edtima pela altera\u00e7\u00e3o do consentimento;<\/li>\n<li>efetuemos, a seu pedido, a passagem da informa\u00e7\u00e3o pessoal que nos facultou a outro respons\u00e1vel pelo tratamento.<\/li>\n<\/ul>\n<p>&nbsp;<\/p>\n<p>Ap\u00f3s proceder \u00e0 execu\u00e7\u00e3o de algum destes direitos iremos efetuar a respetiva an\u00e1lise e responderemos com a m\u00e1xima brevidade poss\u00edvel.<\/p>\n<p>No caso de estar insatisfeito com a nossa utiliza\u00e7\u00e3o e tratamento da informa\u00e7\u00e3o de \u00edndole pessoal ou com a nossa resposta ap\u00f3s o exerc\u00edcio de algum destes direito, tem a legitimidade de apresentar reclama\u00e7\u00e3o junto da autoridade de controlo.<\/p>\n<p>Autoridade de controlo: Comiss\u00e3o Nacional de Prote\u00e7\u00e3o de Dados \u2013 CNPD | 213928400 | E-mail: <a href=\"mailto:geral@cnpd.pt\">geral@cnpd.pt<\/a><\/p>\n<p>&nbsp;<\/p>\n<h3>Links para sites terceiros<\/h3>\n<p>A Associa\u00e7\u00e3o Avenida Liberdade possui liga\u00e7\u00f5es para outros <i>sites<\/i> que, do nosso ponto de vista, podem conter informa\u00e7\u00f5es ou ferramentas \u00fateis para os nossos utilizadores. A nossa pol\u00edtica de privacidade n\u00e3o \u00e9 aplicada a <i>sites<\/i> de terceiros, pelo que, caso o utilizador visite outro <i>site<\/i> a partir do nosso dever\u00e1 ler a politica de privacidade do mesmo. N\u00e3o nos responsabilizamos pela pol\u00edtica de privacidade ou conte\u00fado presente nesses mesmos <i>sites<\/i>.[\/vc_column_text][\/vc_column][\/vc_row]<\/p>\n<\/div>","protected":false},"excerpt":{"rendered":"<p>[vc_row css_animation=&#8221;&#8221; row_type=&#8221;row&#8221; use_row_as_full_screen_section=&#8221;no&#8221; type=&#8221;full_width&#8221; angled_section=&#8221;no&#8221; text_align=&#8221;left&#8221; background_image_as_pattern=&#8221;without_pattern&#8221; z_index=&#8221;&#8221; css=&#8221;.vc_custom_1612342088687{margin-top: 70px !important;background-image: url(https:\/\/avliberdade.com\/wp-content\/uploads\/2020\/11\/barra-branca.png?id=178) !important;background-position: 0 0 !important;background-repeat: no-repeat !important;}&#8221; el_class=&#8221;barra_cor_fundo&#8221;][vc_column width=&#8221;1\/12&#8243;][\/vc_column][vc_column css_animation=&#8221;right-to-left&#8221; width=&#8221;3\/12&#8243;][vc_column_text css=&#8221;.vc_custom_1612368034053{border-top-width: 10px !important;border-right-width: 10px !important;border-bottom-width: 10px !important;border-left-width: 10px !important;padding-top: 30px !important;padding-right: 30px !important;padding-bottom: 30px !important;padding-left: 30px !important;border-left-style: solid !important;border-right-style: solid !important;border-top-style: solid&#8230;<\/p>\n","protected":false},"author":1,"featured_media":0,"parent":0,"menu_order":0,"comment_status":"closed","ping_status":"closed","template":"full_width.php","meta":{"_acf_changed":false,"_mc_calendar":[],"footnotes":""},"class_list":["post-2329","page","type-page","status-publish","hentry"],"acf":[],"yoast_head":"<!-- This site is optimized with the Yoast SEO plugin v26.7 - https:\/\/yoast.com\/wordpress\/plugins\/seo\/ -->\n<title>Privacy Policy &#8226; Avenida da Liberdade<\/title>\n<meta name=\"robots\" content=\"index, follow, max-snippet:-1, max-image-preview:large, max-video-preview:-1\" \/>\n<link rel=\"canonical\" href=\"https:\/\/avliberdade.com\/en\/privacy-policy\/\" \/>\n<meta property=\"og:locale\" content=\"en_US\" \/>\n<meta property=\"og:type\" content=\"article\" \/>\n<meta property=\"og:title\" content=\"Privacy Policy &#8226; Avenida da Liberdade\" \/>\n<meta property=\"og:description\" content=\"[vc_row css_animation=&#8221;&#8221; row_type=&#8221;row&#8221; use_row_as_full_screen_section=&#8221;no&#8221; type=&#8221;full_width&#8221; angled_section=&#8221;no&#8221; text_align=&#8221;left&#8221; background_image_as_pattern=&#8221;without_pattern&#8221; z_index=&#8221;&#8221; css=&#8221;.vc_custom_1612342088687{margin-top: 70px !important;background-image: url(https:\/\/avliberdade.com\/wp-content\/uploads\/2020\/11\/barra-branca.png?id=178) !important;background-position: 0 0 !important;background-repeat: no-repeat !important;}&#8221; el_class=&#8221;barra_cor_fundo&#8221;][vc_column width=&#8221;1\/12&#8243;][\/vc_column][vc_column css_animation=&#8221;right-to-left&#8221; width=&#8221;3\/12&#8243;][vc_column_text css=&#8221;.vc_custom_1612368034053{border-top-width: 10px !important;border-right-width: 10px !important;border-bottom-width: 10px !important;border-left-width: 10px !important;padding-top: 30px !important;padding-right: 30px !important;padding-bottom: 30px !important;padding-left: 30px !important;border-left-style: solid !important;border-right-style: solid !important;border-top-style: solid...\" \/>\n<meta property=\"og:url\" content=\"https:\/\/avliberdade.com\/en\/privacy-policy\/\" \/>\n<meta property=\"og:site_name\" content=\"Avenida da Liberdade\" \/>\n<meta property=\"article:publisher\" content=\"https:\/\/www.facebook.com\/avenidadliberdade\" \/>\n<meta property=\"article:modified_time\" content=\"2021-02-03T16:04:18+00:00\" \/>\n<meta property=\"og:image\" content=\"https:\/\/avliberdade.com\/wp-content\/uploads\/2021\/02\/logo_avl.jpg\" \/>\n\t<meta property=\"og:image:width\" content=\"1500\" \/>\n\t<meta property=\"og:image:height\" content=\"844\" \/>\n\t<meta property=\"og:image:type\" content=\"image\/jpeg\" \/>\n<meta name=\"twitter:card\" content=\"summary_large_image\" \/>\n<meta name=\"twitter:label1\" content=\"Est. reading time\" \/>\n\t<meta name=\"twitter:data1\" content=\"7 minutes\" \/>\n<script type=\"application\/ld+json\" class=\"yoast-schema-graph\">{\"@context\":\"https:\/\/schema.org\",\"@graph\":[{\"@type\":\"WebPage\",\"@id\":\"https:\/\/avliberdade.com\/en\/privacy-policy\/\",\"url\":\"https:\/\/avliberdade.com\/en\/privacy-policy\/\",\"name\":\"Privacy Policy &#8226; Avenida da Liberdade\",\"isPartOf\":{\"@id\":\"https:\/\/avliberdade.com\/#website\"},\"datePublished\":\"2021-02-03T15:26:43+00:00\",\"dateModified\":\"2021-02-03T16:04:18+00:00\",\"breadcrumb\":{\"@id\":\"https:\/\/avliberdade.com\/en\/privacy-policy\/#breadcrumb\"},\"inLanguage\":\"en-US\",\"potentialAction\":[{\"@type\":\"ReadAction\",\"target\":[\"https:\/\/avliberdade.com\/en\/privacy-policy\/\"]}]},{\"@type\":\"BreadcrumbList\",\"@id\":\"https:\/\/avliberdade.com\/en\/privacy-policy\/#breadcrumb\",\"itemListElement\":[{\"@type\":\"ListItem\",\"position\":1,\"name\":\"In\u00edcio\",\"item\":\"https:\/\/avliberdade.com\/en\/\"},{\"@type\":\"ListItem\",\"position\":2,\"name\":\"Privacy Policy\"}]},{\"@type\":\"WebSite\",\"@id\":\"https:\/\/avliberdade.com\/#website\",\"url\":\"https:\/\/avliberdade.com\/\",\"name\":\"Avenida da Liberdade\",\"description\":\"No cora\u00e7\u00e3o de Lisboa\",\"publisher\":{\"@id\":\"https:\/\/avliberdade.com\/#organization\"},\"potentialAction\":[{\"@type\":\"SearchAction\",\"target\":{\"@type\":\"EntryPoint\",\"urlTemplate\":\"https:\/\/avliberdade.com\/?s={search_term_string}\"},\"query-input\":{\"@type\":\"PropertyValueSpecification\",\"valueRequired\":true,\"valueName\":\"search_term_string\"}}],\"inLanguage\":\"en-US\"},{\"@type\":\"Organization\",\"@id\":\"https:\/\/avliberdade.com\/#organization\",\"name\":\"Associa\u00e7\u00e3o Avenida da Liberdade\",\"url\":\"https:\/\/avliberdade.com\/\",\"logo\":{\"@type\":\"ImageObject\",\"inLanguage\":\"en-US\",\"@id\":\"https:\/\/avliberdade.com\/#\/schema\/logo\/image\/\",\"url\":\"https:\/\/avliberdade.com\/wp-content\/uploads\/2021\/02\/logo-al.jpg\",\"contentUrl\":\"https:\/\/avliberdade.com\/wp-content\/uploads\/2021\/02\/logo-al.jpg\",\"width\":1080,\"height\":1080,\"caption\":\"Associa\u00e7\u00e3o Avenida da Liberdade\"},\"image\":{\"@id\":\"https:\/\/avliberdade.com\/#\/schema\/logo\/image\/\"},\"sameAs\":[\"https:\/\/www.facebook.com\/avenidadliberdade\",\"https:\/\/www.instagram.com\/avenida.liberdade\/\"]}]}<\/script>\n<!-- \/ Yoast SEO plugin. -->","yoast_head_json":{"title":"Privacy Policy &#8226; Avenida da Liberdade","robots":{"index":"index","follow":"follow","max-snippet":"max-snippet:-1","max-image-preview":"max-image-preview:large","max-video-preview":"max-video-preview:-1"},"canonical":"https:\/\/avliberdade.com\/en\/privacy-policy\/","og_locale":"en_US","og_type":"article","og_title":"Privacy Policy &#8226; Avenida da Liberdade","og_description":"[vc_row css_animation=&#8221;&#8221; row_type=&#8221;row&#8221; use_row_as_full_screen_section=&#8221;no&#8221; type=&#8221;full_width&#8221; angled_section=&#8221;no&#8221; text_align=&#8221;left&#8221; background_image_as_pattern=&#8221;without_pattern&#8221; z_index=&#8221;&#8221; css=&#8221;.vc_custom_1612342088687{margin-top: 70px !important;background-image: url(https:\/\/avliberdade.com\/wp-content\/uploads\/2020\/11\/barra-branca.png?id=178) !important;background-position: 0 0 !important;background-repeat: no-repeat !important;}&#8221; el_class=&#8221;barra_cor_fundo&#8221;][vc_column width=&#8221;1\/12&#8243;][\/vc_column][vc_column css_animation=&#8221;right-to-left&#8221; width=&#8221;3\/12&#8243;][vc_column_text css=&#8221;.vc_custom_1612368034053{border-top-width: 10px !important;border-right-width: 10px !important;border-bottom-width: 10px !important;border-left-width: 10px !important;padding-top: 30px !important;padding-right: 30px !important;padding-bottom: 30px !important;padding-left: 30px !important;border-left-style: solid !important;border-right-style: solid !important;border-top-style: solid...","og_url":"https:\/\/avliberdade.com\/en\/privacy-policy\/","og_site_name":"Avenida da Liberdade","article_publisher":"https:\/\/www.facebook.com\/avenidadliberdade","article_modified_time":"2021-02-03T16:04:18+00:00","og_image":[{"width":1500,"height":844,"url":"https:\/\/avliberdade.com\/wp-content\/uploads\/2021\/02\/logo_avl.jpg","type":"image\/jpeg"}],"twitter_card":"summary_large_image","twitter_misc":{"Est. reading time":"7 minutes"},"schema":{"@context":"https:\/\/schema.org","@graph":[{"@type":"WebPage","@id":"https:\/\/avliberdade.com\/en\/privacy-policy\/","url":"https:\/\/avliberdade.com\/en\/privacy-policy\/","name":"Privacy Policy &#8226; Avenida da Liberdade","isPartOf":{"@id":"https:\/\/avliberdade.com\/#website"},"datePublished":"2021-02-03T15:26:43+00:00","dateModified":"2021-02-03T16:04:18+00:00","breadcrumb":{"@id":"https:\/\/avliberdade.com\/en\/privacy-policy\/#breadcrumb"},"inLanguage":"en-US","potentialAction":[{"@type":"ReadAction","target":["https:\/\/avliberdade.com\/en\/privacy-policy\/"]}]},{"@type":"BreadcrumbList","@id":"https:\/\/avliberdade.com\/en\/privacy-policy\/#breadcrumb","itemListElement":[{"@type":"ListItem","position":1,"name":"In\u00edcio","item":"https:\/\/avliberdade.com\/en\/"},{"@type":"ListItem","position":2,"name":"Privacy Policy"}]},{"@type":"WebSite","@id":"https:\/\/avliberdade.com\/#website","url":"https:\/\/avliberdade.com\/","name":"Avenida da Liberdade","description":"No cora\u00e7\u00e3o de Lisboa","publisher":{"@id":"https:\/\/avliberdade.com\/#organization"},"potentialAction":[{"@type":"SearchAction","target":{"@type":"EntryPoint","urlTemplate":"https:\/\/avliberdade.com\/?s={search_term_string}"},"query-input":{"@type":"PropertyValueSpecification","valueRequired":true,"valueName":"search_term_string"}}],"inLanguage":"en-US"},{"@type":"Organization","@id":"https:\/\/avliberdade.com\/#organization","name":"Associa\u00e7\u00e3o Avenida da Liberdade","url":"https:\/\/avliberdade.com\/","logo":{"@type":"ImageObject","inLanguage":"en-US","@id":"https:\/\/avliberdade.com\/#\/schema\/logo\/image\/","url":"https:\/\/avliberdade.com\/wp-content\/uploads\/2021\/02\/logo-al.jpg","contentUrl":"https:\/\/avliberdade.com\/wp-content\/uploads\/2021\/02\/logo-al.jpg","width":1080,"height":1080,"caption":"Associa\u00e7\u00e3o Avenida da Liberdade"},"image":{"@id":"https:\/\/avliberdade.com\/#\/schema\/logo\/image\/"},"sameAs":["https:\/\/www.facebook.com\/avenidadliberdade","https:\/\/www.instagram.com\/avenida.liberdade\/"]}]}},"_links":{"self":[{"href":"https:\/\/avliberdade.com\/en\/wp-json\/wp\/v2\/pages\/2329","targetHints":{"allow":["GET"]}}],"collection":[{"href":"https:\/\/avliberdade.com\/en\/wp-json\/wp\/v2\/pages"}],"about":[{"href":"https:\/\/avliberdade.com\/en\/wp-json\/wp\/v2\/types\/page"}],"author":[{"embeddable":true,"href":"https:\/\/avliberdade.com\/en\/wp-json\/wp\/v2\/users\/1"}],"replies":[{"embeddable":true,"href":"https:\/\/avliberdade.com\/en\/wp-json\/wp\/v2\/comments?post=2329"}],"version-history":[{"count":0,"href":"https:\/\/avliberdade.com\/en\/wp-json\/wp\/v2\/pages\/2329\/revisions"}],"wp:attachment":[{"href":"https:\/\/avliberdade.com\/en\/wp-json\/wp\/v2\/media?parent=2329"}],"curies":[{"name":"wp","href":"https:\/\/api.w.org\/{rel}","templated":true}]}}